{"id":521,"date":"2023-08-15T06:09:02","date_gmt":"2023-08-15T04:09:02","guid":{"rendered":"https:\/\/excellencecourchevel.com\/?page_id=521"},"modified":"2023-11-28T10:52:08","modified_gmt":"2023-11-28T09:52:08","slug":"location-chalet-luxe-a-courchevel","status":"publish","type":"page","link":"https:\/\/excellencecourchevel.com\/fr\/location-chalet-luxe-courchevel","title":{"rendered":"Location Chalet Luxe \u00e0 Courchevel"},"content":{"rendered":"","protected":false},"excerpt":{"rendered":"","protected":false},"author":1,"featured_media":823,"parent":0,"menu_order":0,"comment_status":"closed","ping_status":"closed","template":"template-listing-inner.php","meta":{"_acf_changed":false,"footnotes":""},"class_list":["post-521","page","type-page","status-publish","has-post-thumbnail"],"acf":[],"yoast_head":"<!-- This site is optimized with the Yoast SEO plugin v25.8 - https:\/\/yoast.com\/wordpress\/plugins\/seo\/ -->\n<title>Location Chalet Luxe \u00e0 Courchevel 1850 - Excellence Courchevel<\/title>\n<meta name=\"description\" content=\"Luxe &amp; Discr\u00e9tion - Explorez nos locations de chalets de luxe \u00e0 Courchevel 1850. Excellence Courchevel organise vos vacances sur-mesure.\" \/>\n<meta name=\"robots\" content=\"index, follow, max-snippet:-1, max-image-preview:large, max-video-preview:-1\" \/>\n<link rel=\"canonical\" href=\"https:\/\/excellencecourchevel.com\/fr\/location-chalet-luxe-courchevel\" \/>\n<meta property=\"og:locale\" content=\"fr_FR\" \/>\n<meta property=\"og:type\" content=\"article\" \/>\n<meta property=\"og:title\" content=\"Location Chalet Luxe \u00e0 Courchevel - Excellence Courchevel\" \/>\n<meta property=\"og:description\" content=\"Luxe &amp; Discr\u00e9tion - Explorez nos locations de chalets de luxe \u00e0 Courchevel 1850. Excellence Courchevel organise vos vacances sur-mesure.\" \/>\n<meta property=\"og:url\" content=\"https:\/\/excellencecourchevel.com\/fr\/location-chalet-luxe-courchevel\" \/>\n<meta property=\"og:site_name\" content=\"excellencecourchevel.com\" \/>\n<meta property=\"article:publisher\" content=\"https:\/\/www.facebook.com\/ExcellenceSaintTropez\" \/>\n<meta property=\"article:modified_time\" content=\"2023-11-28T09:52:08+00:00\" \/>\n<meta property=\"og:image\" content=\"https:\/\/excellencecourchevel.com\/wp-content\/uploads\/2023\/08\/Location-Chalet-Luxe-Courchevel-1.jpg\" \/>\n\t<meta property=\"og:image:width\" content=\"740\" \/>\n\t<meta property=\"og:image:height\" content=\"740\" \/>\n\t<meta property=\"og:image:type\" content=\"image\/jpeg\" \/>\n<meta name=\"twitter:card\" content=\"summary_large_image\" \/>\n<meta name=\"twitter:title\" content=\"Location Chalet Luxe \u00e0 Courchevel - Excellence Courchevel\" \/>\n<meta name=\"twitter:description\" content=\"Luxe &amp; Discr\u00e9tion - Explorez nos locations de chalets de luxe \u00e0 Courchevel 1850. Excellence Courchevel organise vos vacances sur-mesure.\" \/>\n<!-- \/ Yoast SEO plugin. -->","yoast_head_json":{"title":"Location Chalet Luxe \u00e0 Courchevel 1850 - Excellence Courchevel","description":"Luxe & Discr\u00e9tion - Explorez nos locations de chalets de luxe \u00e0 Courchevel 1850. Excellence Courchevel organise vos vacances sur-mesure.","robots":{"index":"index","follow":"follow","max-snippet":"max-snippet:-1","max-image-preview":"max-image-preview:large","max-video-preview":"max-video-preview:-1"},"canonical":"https:\/\/excellencecourchevel.com\/fr\/location-chalet-luxe-courchevel","og_locale":"fr_FR","og_type":"article","og_title":"Location Chalet Luxe \u00e0 Courchevel - Excellence Courchevel","og_description":"Luxe & Discr\u00e9tion - Explorez nos locations de chalets de luxe \u00e0 Courchevel 1850. Excellence Courchevel organise vos vacances sur-mesure.","og_url":"https:\/\/excellencecourchevel.com\/fr\/location-chalet-luxe-courchevel","og_site_name":"excellencecourchevel.com","article_publisher":"https:\/\/www.facebook.com\/ExcellenceSaintTropez","article_modified_time":"2023-11-28T09:52:08+00:00","og_image":[{"width":740,"height":740,"url":"https:\/\/excellencecourchevel.com\/wp-content\/uploads\/2023\/08\/Location-Chalet-Luxe-Courchevel-1.jpg","type":"image\/jpeg"}],"twitter_card":"summary_large_image","twitter_title":"Location Chalet Luxe \u00e0 Courchevel - Excellence Courchevel","twitter_description":"Luxe & Discr\u00e9tion - Explorez nos locations de chalets de luxe \u00e0 Courchevel 1850. Excellence Courchevel organise vos vacances sur-mesure.","schema":{"@context":"https:\/\/schema.org","@graph":[{"@type":["WebPage","CollectionPage"],"@id":"https:\/\/excellencecourchevel.com\/fr\/location-chalet-luxe-courchevel","url":"https:\/\/excellencecourchevel.com\/fr\/location-chalet-luxe-courchevel","name":"Location Chalet Luxe \u00e0 Courchevel 1850 - Excellence Courchevel","isPartOf":{"@id":"https:\/\/excellencecourchevel.com\/fr\/#website"},"primaryImageOfPage":{"@id":"https:\/\/excellencecourchevel.com\/fr\/location-chalet-luxe-courchevel#primaryimage"},"image":{"@id":"https:\/\/excellencecourchevel.com\/fr\/location-chalet-luxe-courchevel#primaryimage"},"thumbnailUrl":"https:\/\/excellencecourchevel.com\/wp-content\/uploads\/2023\/08\/Location-Chalet-Luxe-Courchevel-1.jpg","datePublished":"2023-08-15T04:09:02+00:00","dateModified":"2023-11-28T09:52:08+00:00","description":"Luxe & Discr\u00e9tion - Explorez nos locations de chalets de luxe \u00e0 Courchevel 1850. Excellence Courchevel organise vos vacances sur-mesure.","breadcrumb":{"@id":"https:\/\/excellencecourchevel.com\/fr\/location-chalet-luxe-courchevel#breadcrumb"},"inLanguage":"fr-FR"},{"@type":"ImageObject","inLanguage":"fr-FR","@id":"https:\/\/excellencecourchevel.com\/fr\/location-chalet-luxe-courchevel#primaryimage","url":"https:\/\/excellencecourchevel.com\/wp-content\/uploads\/2023\/08\/Location-Chalet-Luxe-Courchevel-1.jpg","contentUrl":"https:\/\/excellencecourchevel.com\/wp-content\/uploads\/2023\/08\/Location-Chalet-Luxe-Courchevel-1.jpg","width":740,"height":740,"caption":"Location Chalet Luxe Courchevel"},{"@type":"BreadcrumbList","@id":"https:\/\/excellencecourchevel.com\/fr\/location-chalet-luxe-courchevel#breadcrumb","itemListElement":[{"@type":"ListItem","position":1,"name":"Accueil","item":"https:\/\/excellencecourchevel.com\/fr"},{"@type":"ListItem","position":2,"name":"Location Chalet Luxe \u00e0 Courchevel"}]},{"@type":"WebSite","@id":"https:\/\/excellencecourchevel.com\/fr\/#website","url":"https:\/\/excellencecourchevel.com\/fr\/","name":"excellencecourchevel.com","description":"S\u00e9jours de luxe \u00e0 Courchevel","publisher":{"@id":"https:\/\/excellencecourchevel.com\/fr\/#organization"},"alternateName":"Excellence","potentialAction":[{"@type":"SearchAction","target":{"@type":"EntryPoint","urlTemplate":"https:\/\/excellencecourchevel.com\/fr\/?s={search_term_string}"},"query-input":{"@type":"PropertyValueSpecification","valueRequired":true,"valueName":"search_term_string"}}],"inLanguage":"fr-FR"},{"@type":"Organization","@id":"https:\/\/excellencecourchevel.com\/fr\/#organization","name":"Excellence Courchevel","alternateName":"Excellence","url":"https:\/\/excellencecourchevel.com\/fr\/","logo":{"@type":"ImageObject","inLanguage":"fr-FR","@id":"https:\/\/excellencecourchevel.com\/fr\/#\/schema\/logo\/image\/","url":"https:\/\/excellencecourchevel.com\/wp-content\/uploads\/2023\/08\/Logo-Excellence-Riviera-OT-Ramatuelle-Diamond-Only.png","contentUrl":"https:\/\/excellencecourchevel.com\/wp-content\/uploads\/2023\/08\/Logo-Excellence-Riviera-OT-Ramatuelle-Diamond-Only.png","width":800,"height":800,"caption":"Excellence Courchevel"},"image":{"@id":"https:\/\/excellencecourchevel.com\/fr\/#\/schema\/logo\/image\/"},"sameAs":["https:\/\/www.facebook.com\/ExcellenceSaintTropez","https:\/\/fr.linkedin.com\/company\/excellenceriviera","https:\/\/www.instagram.com\/excellencecourchevel\/"]}]}},"_links":{"self":[{"href":"https:\/\/excellencecourchevel.com\/fr\/wp-json\/wp\/v2\/pages\/521","targetHints":{"allow":["GET"]}}],"collection":[{"href":"https:\/\/excellencecourchevel.com\/fr\/wp-json\/wp\/v2\/pages"}],"about":[{"href":"https:\/\/excellencecourchevel.com\/fr\/wp-json\/wp\/v2\/types\/page"}],"author":[{"embeddable":true,"href":"https:\/\/excellencecourchevel.com\/fr\/wp-json\/wp\/v2\/users\/1"}],"replies":[{"embeddable":true,"href":"https:\/\/excellencecourchevel.com\/fr\/wp-json\/wp\/v2\/comments?post=521"}],"version-history":[{"count":32,"href":"https:\/\/excellencecourchevel.com\/fr\/wp-json\/wp\/v2\/pages\/521\/revisions"}],"predecessor-version":[{"id":2303,"href":"https:\/\/excellencecourchevel.com\/fr\/wp-json\/wp\/v2\/pages\/521\/revisions\/2303"}],"wp:featuredmedia":[{"embeddable":true,"href":"https:\/\/excellencecourchevel.com\/fr\/wp-json\/wp\/v2\/media\/823"}],"wp:attachment":[{"href":"https:\/\/excellencecourchevel.com\/fr\/wp-json\/wp\/v2\/media?parent=521"}],"curies":[{"name":"wp","href":"https:\/\/api.w.org\/{rel}","templated":true}]}}